{"id":208,"date":"2025-02-10T12:29:23","date_gmt":"2025-02-10T12:29:23","guid":{"rendered":"https:\/\/clubesimepe.com.br\/clube\/?page_id=208"},"modified":"2025-11-13T01:05:33","modified_gmt":"2025-11-13T01:05:33","slug":"rede-uci","status":"publish","type":"page","link":"https:\/\/clubesimepe.com.br\/clube\/rede-uci\/","title":{"rendered":"Rede UCI"},"content":{"rendered":"\t\t<div data-elementor-type=\"wp-page\" data-elementor-id=\"208\" class=\"elementor elementor-208\">\n\t\t\t\t<div class=\"elementor-element elementor-element-e3aae9d e-flex e-con-boxed e-con e-parent\" data-id=\"e3aae9d\" data-element_type=\"container\">\n\t\t\t\t\t<div class=\"e-con-inner\">\n\t\t<div class=\"elementor-element elementor-element-5057a8a e-con-full e-flex e-con e-child\" data-id=\"5057a8a\" data-element_type=\"container\">\n\t\t\t\t<div class=\"elementor-element elementor-element-fa2ab95 elementor-widget elementor-widget-image\" data-id=\"fa2ab95\" data-element_type=\"widget\" data-widget_type=\"image.default\">\n\t\t\t\t<div class=\"elementor-widget-container\">\n\t\t\t\t\t\t\t\t\t\t\t\t\t\t\t<img fetchpriority=\"high\" decoding=\"async\" width=\"800\" height=\"450\" src=\"https:\/\/clubesimepe.com.br\/clube\/wp-content\/uploads\/2023\/10\/4.png\" class=\"attachment-large size-large wp-image-69\" alt=\"\" srcset=\"https:\/\/clubesimepe.com.br\/clube\/wp-content\/uploads\/2023\/10\/4.png 960w, https:\/\/clubesimepe.com.br\/clube\/wp-content\/uploads\/2023\/10\/4-300x169.png 300w, https:\/\/clubesimepe.com.br\/clube\/wp-content\/uploads\/2023\/10\/4-768x432.png 768w\" sizes=\"(max-width: 800px) 100vw, 800px\" \/>\t\t\t\t\t\t\t\t\t\t\t\t\t\t\t<\/div>\n\t\t\t\t<\/div>\n\t\t\t\t<\/div>\n\t\t<div class=\"elementor-element elementor-element-54603fc e-con-full e-flex e-con e-child\" data-id=\"54603fc\" data-element_type=\"container\">\n\t\t\t\t<div class=\"elementor-element elementor-element-3511225 animated-slow elementor-invisible elementor-widget elementor-widget-icon-box\" data-id=\"3511225\" data-element_type=\"widget\" data-settings=\"{&quot;_animation&quot;:&quot;fadeIn&quot;,&quot;_animation_delay&quot;:&quot;100&quot;}\" data-widget_type=\"icon-box.default\">\n\t\t\t\t<div class=\"elementor-widget-container\">\n\t\t\t\t\t\t\t<div class=\"elementor-icon-box-wrapper\">\n\n\t\t\t\n\t\t\t\t\t\t<div class=\"elementor-icon-box-content\">\n\n\t\t\t\t\t\t\t\t\t<h4 class=\"elementor-icon-box-title\">\n\t\t\t\t\t\t<span  >\n\t\t\t\t\t\t\tRede UCI\t\t\t\t\t\t<\/span>\n\t\t\t\t\t<\/h4>\n\t\t\t\t\n\t\t\t\t\t\t\t\t\t<p class=\"elementor-icon-box-description\">\n\t\t\t\t\t\tVoc\u00ea sabia que o m\u00e9dico associado ao Simepe tem benef\u00edcios exclusivos no UCI Cinemas Recife?<\/br><\/br>\nComo funciona:<\/br><\/br>\n\u2192 A compra do Ticket \u00e9 realizada com o atendimento ao associado do sindicato.<\/br>\n\u2192 A troca do ticket \u00e9 feita nas m\u00e1quinas de autoatendimento do cinema quando for escolher o filme\/sess\u00e3o\/poltrona - informando o c\u00f3digo eletr\u00f4nico na op\u00e7\u00e3o de pagamento.<\/br><\/br>\nAs ofertas especiais s\u00e3o para as salas 2D, 3D, XMAX ou XPLUS, de acordo com a disponibilidade.\t\t\t\t\t<\/p>\n\t\t\t\t\n\t\t\t<\/div>\n\t\t\t\n\t\t<\/div>\n\t\t\t\t\t\t<\/div>\n\t\t\t\t<\/div>\n\t\t\t\t<\/div>\n\t\t\t\t\t<\/div>\n\t\t\t\t<\/div>\n\t\t<div class=\"elementor-element elementor-element-1030a56 e-flex e-con-boxed e-con e-parent\" data-id=\"1030a56\" data-element_type=\"container\">\n\t\t\t\t\t<div class=\"e-con-inner\">\n\t\t\t\t<div class=\"elementor-element elementor-element-28df534 elementor-align-center elementor-widget elementor-widget-button\" data-id=\"28df534\" data-element_type=\"widget\" data-widget_type=\"button.default\">\n\t\t\t\t<div class=\"elementor-widget-container\">\n\t\t\t\t\t\t\t\t\t<div class=\"elementor-button-wrapper\">\n\t\t\t\t\t<a class=\"elementor-button elementor-button-link elementor-size-xs\" href=\"https:\/\/sis-simepe.bmatecnologia.com.br\/#\/seja-socio-simepe\">\n\t\t\t\t\t\t<span class=\"elementor-button-content-wrapper\">\n\t\t\t\t\t\t\t\t\t<span class=\"elementor-button-text\">Clique aqui e seja S\u00f3cio!<\/span>\n\t\t\t\t\t<\/span>\n\t\t\t\t\t<\/a>\n\t\t\t\t<\/div>\n\t\t\t\t\t\t\t\t<\/div>\n\t\t\t\t<\/div>\n\t\t\t\t\t<\/div>\n\t\t\t\t<\/div>\n\t\t\t\t<\/div>\n\t\t","protected":false},"excerpt":{"rendered":"<p>Rede UCI Voc\u00ea sabia que o m\u00e9dico associado ao Simepe tem benef\u00edcios exclusivos no UCI Cinemas Recife? Como funciona: \u2192 A compra do Ticket \u00e9 realizada com o atendimento ao associado do sindicato. \u2192 A troca do ticket \u00e9 feita nas m\u00e1quinas de autoatendimento do cinema quando for escolher o filme\/sess\u00e3o\/poltrona &#8211; informando o c\u00f3digo [&hellip;]<\/p>\n","protected":false},"author":1,"featured_media":0,"parent":0,"menu_order":0,"comment_status":"closed","ping_status":"closed","template":"elementor_header_footer","meta":{"footnotes":""},"class_list":["post-208","page","type-page","status-publish","hentry"],"_links":{"self":[{"href":"https:\/\/clubesimepe.com.br\/clube\/wp-json\/wp\/v2\/pages\/208","targetHints":{"allow":["GET"]}}],"collection":[{"href":"https:\/\/clubesimepe.com.br\/clube\/wp-json\/wp\/v2\/pages"}],"about":[{"href":"https:\/\/clubesimepe.com.br\/clube\/wp-json\/wp\/v2\/types\/page"}],"author":[{"embeddable":true,"href":"https:\/\/clubesimepe.com.br\/clube\/wp-json\/wp\/v2\/users\/1"}],"replies":[{"embeddable":true,"href":"https:\/\/clubesimepe.com.br\/clube\/wp-json\/wp\/v2\/comments?post=208"}],"version-history":[{"count":7,"href":"https:\/\/clubesimepe.com.br\/clube\/wp-json\/wp\/v2\/pages\/208\/revisions"}],"predecessor-version":[{"id":329,"href":"https:\/\/clubesimepe.com.br\/clube\/wp-json\/wp\/v2\/pages\/208\/revisions\/329"}],"wp:attachment":[{"href":"https:\/\/clubesimepe.com.br\/clube\/wp-json\/wp\/v2\/media?parent=208"}],"curies":[{"name":"wp","href":"https:\/\/api.w.org\/{rel}","templated":true}]}}