{"id":207,"date":"2025-02-10T12:27:08","date_gmt":"2025-02-10T12:27:08","guid":{"rendered":"https:\/\/clubesimepe.com.br\/clube\/?page_id=207"},"modified":"2025-11-13T00:42:57","modified_gmt":"2025-11-13T00:42:57","slug":"colegio-gge","status":"publish","type":"page","link":"https:\/\/clubesimepe.com.br\/clube\/colegio-gge\/","title":{"rendered":"Col\u00e9gio GGE"},"content":{"rendered":"\t\t<div data-elementor-type=\"wp-page\" data-elementor-id=\"207\" class=\"elementor elementor-207\">\n\t\t\t\t<div class=\"elementor-element elementor-element-e3aae9d e-flex e-con-boxed e-con e-parent\" data-id=\"e3aae9d\" data-element_type=\"container\">\n\t\t\t\t\t<div class=\"e-con-inner\">\n\t\t<div class=\"elementor-element elementor-element-5057a8a e-con-full e-flex e-con e-child\" data-id=\"5057a8a\" data-element_type=\"container\">\n\t\t\t\t<div class=\"elementor-element elementor-element-fa2ab95 elementor-widget elementor-widget-image\" data-id=\"fa2ab95\" data-element_type=\"widget\" data-widget_type=\"image.default\">\n\t\t\t\t<div class=\"elementor-widget-container\">\n\t\t\t\t\t\t\t\t\t\t\t\t\t\t\t<img fetchpriority=\"high\" decoding=\"async\" width=\"800\" height=\"450\" src=\"https:\/\/clubesimepe.com.br\/clube\/wp-content\/uploads\/2023\/10\/3.png\" class=\"attachment-large size-large wp-image-67\" alt=\"\" srcset=\"https:\/\/clubesimepe.com.br\/clube\/wp-content\/uploads\/2023\/10\/3.png 960w, https:\/\/clubesimepe.com.br\/clube\/wp-content\/uploads\/2023\/10\/3-300x169.png 300w, https:\/\/clubesimepe.com.br\/clube\/wp-content\/uploads\/2023\/10\/3-768x432.png 768w\" sizes=\"(max-width: 800px) 100vw, 800px\" \/>\t\t\t\t\t\t\t\t\t\t\t\t\t\t\t<\/div>\n\t\t\t\t<\/div>\n\t\t\t\t<\/div>\n\t\t<div class=\"elementor-element elementor-element-54603fc e-con-full e-flex e-con e-child\" data-id=\"54603fc\" data-element_type=\"container\">\n\t\t\t\t<div class=\"elementor-element elementor-element-3511225 animated-slow elementor-invisible elementor-widget elementor-widget-icon-box\" data-id=\"3511225\" data-element_type=\"widget\" data-settings=\"{&quot;_animation&quot;:&quot;fadeIn&quot;,&quot;_animation_delay&quot;:&quot;100&quot;}\" data-widget_type=\"icon-box.default\">\n\t\t\t\t<div class=\"elementor-widget-container\">\n\t\t\t\t\t\t\t<div class=\"elementor-icon-box-wrapper\">\n\n\t\t\t\n\t\t\t\t\t\t<div class=\"elementor-icon-box-content\">\n\n\t\t\t\t\t\t\t\t\t<h4 class=\"elementor-icon-box-title\">\n\t\t\t\t\t\t<span  >\n\t\t\t\t\t\t\tCol\u00e9gio GGE\t\t\t\t\t\t<\/span>\n\t\t\t\t\t<\/h4>\n\t\t\t\t\n\t\t\t\t\t\t\t\t\t<p class=\"elementor-icon-box-description\">\n\t\t\t\t\t\tO Col\u00e9gio GGE se destaca pela excel\u00eancia no ensino e pela forma\u00e7\u00e3o completa dos alunos, com unidades em Recife, Caruaru e Petrolina. Atrav\u00e9s da parceria com o Clube Simepe, m\u00e9dicos associados podem contar com at\u00e9 15% de desconto.<\/br><\/br>\nGaranta uma educa\u00e7\u00e3o de qualidade com condi\u00e7\u00f5es especiais. Fa\u00e7a parte do Clube Simepe!\t\t\t\t\t<\/p>\n\t\t\t\t\n\t\t\t<\/div>\n\t\t\t\n\t\t<\/div>\n\t\t\t\t\t\t<\/div>\n\t\t\t\t<\/div>\n\t\t\t\t<\/div>\n\t\t\t\t\t<\/div>\n\t\t\t\t<\/div>\n\t\t<div class=\"elementor-element elementor-element-1030a56 e-flex e-con-boxed e-con e-parent\" data-id=\"1030a56\" data-element_type=\"container\">\n\t\t\t\t\t<div class=\"e-con-inner\">\n\t\t\t\t<div class=\"elementor-element elementor-element-28df534 elementor-align-center elementor-widget elementor-widget-button\" data-id=\"28df534\" data-element_type=\"widget\" data-widget_type=\"button.default\">\n\t\t\t\t<div class=\"elementor-widget-container\">\n\t\t\t\t\t\t\t\t\t<div class=\"elementor-button-wrapper\">\n\t\t\t\t\t<a class=\"elementor-button elementor-button-link elementor-size-xs\" href=\"https:\/\/sis-simepe.bmatecnologia.com.br\/#\/seja-socio-simepe\">\n\t\t\t\t\t\t<span class=\"elementor-button-content-wrapper\">\n\t\t\t\t\t\t\t\t\t<span class=\"elementor-button-text\">Clique aqui e seja S\u00f3cio!<\/span>\n\t\t\t\t\t<\/span>\n\t\t\t\t\t<\/a>\n\t\t\t\t<\/div>\n\t\t\t\t\t\t\t\t<\/div>\n\t\t\t\t<\/div>\n\t\t\t\t\t<\/div>\n\t\t\t\t<\/div>\n\t\t\t\t<\/div>\n\t\t","protected":false},"excerpt":{"rendered":"<p>Col\u00e9gio GGE O Col\u00e9gio GGE se destaca pela excel\u00eancia no ensino e pela forma\u00e7\u00e3o completa dos alunos, com unidades em Recife, Caruaru e Petrolina. Atrav\u00e9s da parceria com o Clube Simepe, m\u00e9dicos associados podem contar com at\u00e9 15% de desconto. Garanta uma educa\u00e7\u00e3o de qualidade com condi\u00e7\u00f5es especiais. Fa\u00e7a parte do Clube Simepe! Clique aqui [&hellip;]<\/p>\n","protected":false},"author":1,"featured_media":0,"parent":0,"menu_order":0,"comment_status":"closed","ping_status":"closed","template":"elementor_header_footer","meta":{"footnotes":""},"class_list":["post-207","page","type-page","status-publish","hentry"],"_links":{"self":[{"href":"https:\/\/clubesimepe.com.br\/clube\/wp-json\/wp\/v2\/pages\/207","targetHints":{"allow":["GET"]}}],"collection":[{"href":"https:\/\/clubesimepe.com.br\/clube\/wp-json\/wp\/v2\/pages"}],"about":[{"href":"https:\/\/clubesimepe.com.br\/clube\/wp-json\/wp\/v2\/types\/page"}],"author":[{"embeddable":true,"href":"https:\/\/clubesimepe.com.br\/clube\/wp-json\/wp\/v2\/users\/1"}],"replies":[{"embeddable":true,"href":"https:\/\/clubesimepe.com.br\/clube\/wp-json\/wp\/v2\/comments?post=207"}],"version-history":[{"count":10,"href":"https:\/\/clubesimepe.com.br\/clube\/wp-json\/wp\/v2\/pages\/207\/revisions"}],"predecessor-version":[{"id":314,"href":"https:\/\/clubesimepe.com.br\/clube\/wp-json\/wp\/v2\/pages\/207\/revisions\/314"}],"wp:attachment":[{"href":"https:\/\/clubesimepe.com.br\/clube\/wp-json\/wp\/v2\/media?parent=207"}],"curies":[{"name":"wp","href":"https:\/\/api.w.org\/{rel}","templated":true}]}}